{"id":92,"date":"2024-04-30T08:46:25","date_gmt":"2024-04-30T06:46:25","guid":{"rendered":"https:\/\/fbkoblenz.de\/?page_id=92"},"modified":"2025-02-20T16:57:16","modified_gmt":"2025-02-20T15:57:16","slug":"leitbild","status":"publish","type":"page","link":"https:\/\/fbkoblenz.de\/tr\/leitbild\/","title":{"rendered":"Leitbild"},"content":{"rendered":"<div data-elementor-type=\"wp-page\" data-elementor-id=\"92\" class=\"elementor elementor-92\" data-elementor-post-type=\"page\">\n\t\t\t\t<div class=\"elementor-element elementor-element-19c509c3 e-con-full e-flex e-con e-parent\" data-id=\"19c509c3\" data-element_type=\"container\" data-e-type=\"container\" data-settings=\"{&quot;background_background&quot;:&quot;classic&quot;}\">\n\t\t\t\t<div class=\"elementor-element elementor-element-4c38908b elementor-widget elementor-widget-heading\" data-id=\"4c38908b\" data-element_type=\"widget\" data-e-type=\"widget\" data-widget_type=\"heading.default\">\n\t\t\t\t<div class=\"elementor-widget-container\">\n\t\t\t\t\t<h2 class=\"elementor-heading-title elementor-size-default\">Leitbild<\/h2>\t\t\t\t<\/div>\n\t\t\t\t<\/div>\n\t\t\t\t<\/div>\n\t\t<div class=\"elementor-element elementor-element-aa2a356 e-flex e-con-boxed e-con e-parent\" data-id=\"aa2a356\" data-element_type=\"container\" data-e-type=\"container\">\n\t\t\t\t\t<div class=\"e-con-inner\">\n\t\t\t\t<div class=\"elementor-element elementor-element-62f0541 elementor-widget elementor-widget-spacer\" data-id=\"62f0541\" data-element_type=\"widget\" data-e-type=\"widget\" data-widget_type=\"spacer.default\">\n\t\t\t\t<div class=\"elementor-widget-container\">\n\t\t\t\t\t\t\t<div class=\"elementor-spacer\">\n\t\t\t<div class=\"elementor-spacer-inner\"><\/div>\n\t\t<\/div>\n\t\t\t\t\t\t<\/div>\n\t\t\t\t<\/div>\n\t\t\t\t<div class=\"elementor-element elementor-element-25e0fd9 elementor-widget elementor-widget-heading\" data-id=\"25e0fd9\" data-element_type=\"widget\" data-e-type=\"widget\" data-widget_type=\"heading.default\">\n\t\t\t\t<div class=\"elementor-widget-container\">\n\t\t\t\t\t<h2 class=\"elementor-heading-title elementor-size-default\">Unser Leitbild<\/h2>\t\t\t\t<\/div>\n\t\t\t\t<\/div>\n\t\t\t\t<div class=\"elementor-element elementor-element-cf829a5 elementor-widget elementor-widget-text-editor\" data-id=\"cf829a5\" data-element_type=\"widget\" data-e-type=\"widget\" data-widget_type=\"text-editor.default\">\n\t\t\t\t<div class=\"elementor-widget-container\">\n\t\t\t\t\t\t\t\t\t<p><strong>Gemeinschaft, Kultur &amp; Engagement<\/strong><\/p><p>Fenerbah\u00e7e Koblenz ist weit mehr als ein traditioneller Sportverein \u2013 wir sind eine engagierte Gemeinschaft, die Br\u00fccken baut, Werte vermittelt und sich f\u00fcr gesellschaftliches Miteinander starkmacht. Als verl\u00e4ngerter Arm von Fenerbah\u00e7e Istanbul tragen wir nicht nur den Namen eines gro\u00dfen Vereins, sondern auch seine Philosophie: Zusammenhalt, soziale Verantwortung und die F\u00f6rderung von Kultur und Integration.<\/p><p><strong>Gemeinschaft und Zusammenhalt<\/strong><\/p><p>Unsere oberste Priorit\u00e4t ist es, Menschen zusammenzubringen und eine starke Gemeinschaft zu schaffen. Wir glauben daran, dass Vielfalt unsere gr\u00f6\u00dfte St\u00e4rke ist und dass wir gemeinsam mehr erreichen k\u00f6nnen. Deshalb setzen wir uns f\u00fcr gegenseitige Unterst\u00fctzung, Respekt und Toleranz ein \u2013 unabh\u00e4ngig von Herkunft, Alter oder sozialem Hintergrund.<\/p><p><strong>Unser Engagement f\u00fcr die Gesellschaft<\/strong><\/p><p>Unser Verein ist ein Ort des sozialen Engagements. Wir organisieren gemeinn\u00fctzige Projekte, kulturelle Veranstaltungen und soziale Initiativen, die das Miteinander in Koblenz und Umgebung st\u00e4rken. Ob durch Hilfsaktionen, kulturellen Austausch oder Bildungsangebote \u2013 wir m\u00f6chten einen positiven Beitrag zur Gesellschaft leisten und Menschen ermutigen, sich aktiv einzubringen.<\/p><p><strong>Integration &amp; Kultur f\u00f6rdern<\/strong><\/p><p>Wir setzen uns aktiv f\u00fcr die F\u00f6rderung von Integration ein. Unser Ziel ist es, Menschen verschiedener Herkunft miteinander zu verbinden, den interkulturellen Dialog zu st\u00e4rken und ein Umfeld zu schaffen, in dem sich jeder wohlf\u00fchlt. Gleichzeitig bewahren und f\u00f6rdern wir kulturelle Werte, indem wir den Geist und die Traditionen von Fenerbah\u00e7e Istanbul weitertragen und erlebbar machen.<\/p><p><strong>Gemeinsam mehr bewegen<\/strong><\/p><p>Jeder, der unsere Werte teilt, ist herzlich eingeladen, Teil unserer Gemeinschaft zu werden \u2013 sei es als Mitglied, Unterst\u00fctzer oder aktiver Helfer. Unser Verein lebt von Engagement, Leidenschaft und dem Willen, gemeinsam Gutes zu tun.<\/p><p>Fenerbah\u00e7e Koblenz steht f\u00fcr Zusammenhalt, soziale Verantwortung und eine starke Gemeinschaft \u2013 und wir freuen uns \u00fcber jeden, der diesen Weg mit uns geht!<\/p>\t\t\t\t\t\t\t\t<\/div>\n\t\t\t\t<\/div>\n\t\t\t\t<div class=\"elementor-element elementor-element-488c204 elementor-widget elementor-widget-spacer\" data-id=\"488c204\" data-element_type=\"widget\" data-e-type=\"widget\" data-widget_type=\"spacer.default\">\n\t\t\t\t<div class=\"elementor-widget-container\">\n\t\t\t\t\t\t\t<div class=\"elementor-spacer\">\n\t\t\t<div class=\"elementor-spacer-inner\"><\/div>\n\t\t<\/div>\n\t\t\t\t\t\t<\/div>\n\t\t\t\t<\/div>\n\t\t\t\t\t<\/div>\n\t\t\t\t<\/div>\n\t\t\t\t<\/div>","protected":false},"excerpt":{"rendered":"<p>Leitbild Unser Leitbild Gemeinschaft, Kultur &amp; Engagement Fenerbah\u00e7e Koblenz ist weit mehr als ein traditioneller Sportverein \u2013 wir sind eine engagierte Gemeinschaft, die Br\u00fccken baut, Werte vermittelt und sich f\u00fcr [&hellip;]<\/p>\n","protected":false},"author":1,"featured_media":0,"parent":0,"menu_order":0,"comment_status":"closed","ping_status":"closed","template":"","meta":{"footnotes":""},"class_list":["post-92","page","type-page","status-publish","hentry"],"yoast_head":"<!-- This site is optimized with the Yoast SEO plugin v27.2 - https:\/\/yoast.com\/product\/yoast-seo-wordpress\/ -->\n<title>Leitbild - Fenerbah\u00e7e Koblenz<\/title>\n<meta name=\"robots\" content=\"index, follow, max-snippet:-1, max-image-preview:large, max-video-preview:-1\" \/>\n<link rel=\"canonical\" href=\"https:\/\/fbkoblenz.de\/tr\/leitbild\/\" \/>\n<meta property=\"og:locale\" content=\"tr_TR\" \/>\n<meta property=\"og:type\" content=\"article\" \/>\n<meta property=\"og:title\" content=\"Leitbild - Fenerbah\u00e7e Koblenz\" \/>\n<meta property=\"og:description\" content=\"Leitbild Unser Leitbild Gemeinschaft, Kultur &amp; Engagement Fenerbah\u00e7e Koblenz ist weit mehr als ein traditioneller Sportverein \u2013 wir sind eine engagierte Gemeinschaft, die Br\u00fccken baut, Werte vermittelt und sich f\u00fcr [&hellip;]\" \/>\n<meta property=\"og:url\" content=\"https:\/\/fbkoblenz.de\/tr\/leitbild\/\" \/>\n<meta property=\"og:site_name\" content=\"Fenerbah\u00e7e Koblenz\" \/>\n<meta property=\"article:modified_time\" content=\"2025-02-20T15:57:16+00:00\" \/>\n<meta name=\"twitter:card\" content=\"summary_large_image\" \/>\n<meta name=\"twitter:label1\" content=\"Tahmini okuma s\u00fcresi\" \/>\n\t<meta name=\"twitter:data1\" content=\"2 dakika\" \/>\n<script type=\"application\/ld+json\" class=\"yoast-schema-graph\">{\"@context\":\"https:\/\/schema.org\",\"@graph\":[{\"@type\":\"WebPage\",\"@id\":\"https:\/\/fbkoblenz.de\/leitbild\/\",\"url\":\"https:\/\/fbkoblenz.de\/leitbild\/\",\"name\":\"Leitbild - Fenerbah\u00e7e Koblenz\",\"isPartOf\":{\"@id\":\"https:\/\/fbkoblenz.de\/#website\"},\"datePublished\":\"2024-04-30T06:46:25+00:00\",\"dateModified\":\"2025-02-20T15:57:16+00:00\",\"breadcrumb\":{\"@id\":\"https:\/\/fbkoblenz.de\/leitbild\/#breadcrumb\"},\"inLanguage\":\"tr\",\"potentialAction\":[{\"@type\":\"ReadAction\",\"target\":[\"https:\/\/fbkoblenz.de\/leitbild\/\"]}]},{\"@type\":\"BreadcrumbList\",\"@id\":\"https:\/\/fbkoblenz.de\/leitbild\/#breadcrumb\",\"itemListElement\":[{\"@type\":\"ListItem\",\"position\":1,\"name\":\"Startseite\",\"item\":\"https:\/\/fbkoblenz.de\/\"},{\"@type\":\"ListItem\",\"position\":2,\"name\":\"Leitbild\"}]},{\"@type\":\"WebSite\",\"@id\":\"https:\/\/fbkoblenz.de\/#website\",\"url\":\"https:\/\/fbkoblenz.de\/\",\"name\":\"Fenerbah\u00e7e Koblenz\",\"description\":\"\",\"publisher\":{\"@id\":\"https:\/\/fbkoblenz.de\/#organization\"},\"potentialAction\":[{\"@type\":\"SearchAction\",\"target\":{\"@type\":\"EntryPoint\",\"urlTemplate\":\"https:\/\/fbkoblenz.de\/?s={search_term_string}\"},\"query-input\":{\"@type\":\"PropertyValueSpecification\",\"valueRequired\":true,\"valueName\":\"search_term_string\"}}],\"inLanguage\":\"tr\"},{\"@type\":\"Organization\",\"@id\":\"https:\/\/fbkoblenz.de\/#organization\",\"name\":\"Fenerbah\u00e7e Koblenz\",\"url\":\"https:\/\/fbkoblenz.de\/\",\"logo\":{\"@type\":\"ImageObject\",\"inLanguage\":\"tr\",\"@id\":\"https:\/\/fbkoblenz.de\/#\/schema\/logo\/image\/\",\"url\":\"https:\/\/fbkoblenz.de\/wp-content\/uploads\/2024\/03\/Logo-webp.webp\",\"contentUrl\":\"https:\/\/fbkoblenz.de\/wp-content\/uploads\/2024\/03\/Logo-webp.webp\",\"width\":1837,\"height\":1842,\"caption\":\"Fenerbah\u00e7e Koblenz\"},\"image\":{\"@id\":\"https:\/\/fbkoblenz.de\/#\/schema\/logo\/image\/\"}}]}<\/script>\n<!-- \/ Yoast SEO plugin. -->","yoast_head_json":{"title":"Leitbild - Fenerbah\u00e7e Koblenz","robots":{"index":"index","follow":"follow","max-snippet":"max-snippet:-1","max-image-preview":"max-image-preview:large","max-video-preview":"max-video-preview:-1"},"canonical":"https:\/\/fbkoblenz.de\/tr\/leitbild\/","og_locale":"tr_TR","og_type":"article","og_title":"Leitbild - Fenerbah\u00e7e Koblenz","og_description":"Leitbild Unser Leitbild Gemeinschaft, Kultur &amp; Engagement Fenerbah\u00e7e Koblenz ist weit mehr als ein traditioneller Sportverein \u2013 wir sind eine engagierte Gemeinschaft, die Br\u00fccken baut, Werte vermittelt und sich f\u00fcr [&hellip;]","og_url":"https:\/\/fbkoblenz.de\/tr\/leitbild\/","og_site_name":"Fenerbah\u00e7e Koblenz","article_modified_time":"2025-02-20T15:57:16+00:00","twitter_card":"summary_large_image","twitter_misc":{"Tahmini okuma s\u00fcresi":"2 dakika"},"schema":{"@context":"https:\/\/schema.org","@graph":[{"@type":"WebPage","@id":"https:\/\/fbkoblenz.de\/leitbild\/","url":"https:\/\/fbkoblenz.de\/leitbild\/","name":"Leitbild - Fenerbah\u00e7e Koblenz","isPartOf":{"@id":"https:\/\/fbkoblenz.de\/#website"},"datePublished":"2024-04-30T06:46:25+00:00","dateModified":"2025-02-20T15:57:16+00:00","breadcrumb":{"@id":"https:\/\/fbkoblenz.de\/leitbild\/#breadcrumb"},"inLanguage":"tr","potentialAction":[{"@type":"ReadAction","target":["https:\/\/fbkoblenz.de\/leitbild\/"]}]},{"@type":"BreadcrumbList","@id":"https:\/\/fbkoblenz.de\/leitbild\/#breadcrumb","itemListElement":[{"@type":"ListItem","position":1,"name":"Startseite","item":"https:\/\/fbkoblenz.de\/"},{"@type":"ListItem","position":2,"name":"Leitbild"}]},{"@type":"WebSite","@id":"https:\/\/fbkoblenz.de\/#website","url":"https:\/\/fbkoblenz.de\/","name":"Fenerbah\u00e7e Koblenz","description":"","publisher":{"@id":"https:\/\/fbkoblenz.de\/#organization"},"potentialAction":[{"@type":"SearchAction","target":{"@type":"EntryPoint","urlTemplate":"https:\/\/fbkoblenz.de\/?s={search_term_string}"},"query-input":{"@type":"PropertyValueSpecification","valueRequired":true,"valueName":"search_term_string"}}],"inLanguage":"tr"},{"@type":"Organization","@id":"https:\/\/fbkoblenz.de\/#organization","name":"Fenerbah\u00e7e Koblenz","url":"https:\/\/fbkoblenz.de\/","logo":{"@type":"ImageObject","inLanguage":"tr","@id":"https:\/\/fbkoblenz.de\/#\/schema\/logo\/image\/","url":"https:\/\/fbkoblenz.de\/wp-content\/uploads\/2024\/03\/Logo-webp.webp","contentUrl":"https:\/\/fbkoblenz.de\/wp-content\/uploads\/2024\/03\/Logo-webp.webp","width":1837,"height":1842,"caption":"Fenerbah\u00e7e Koblenz"},"image":{"@id":"https:\/\/fbkoblenz.de\/#\/schema\/logo\/image\/"}}]}},"_links":{"self":[{"href":"https:\/\/fbkoblenz.de\/tr\/wp-json\/wp\/v2\/pages\/92","targetHints":{"allow":["GET"]}}],"collection":[{"href":"https:\/\/fbkoblenz.de\/tr\/wp-json\/wp\/v2\/pages"}],"about":[{"href":"https:\/\/fbkoblenz.de\/tr\/wp-json\/wp\/v2\/types\/page"}],"author":[{"embeddable":true,"href":"https:\/\/fbkoblenz.de\/tr\/wp-json\/wp\/v2\/users\/1"}],"replies":[{"embeddable":true,"href":"https:\/\/fbkoblenz.de\/tr\/wp-json\/wp\/v2\/comments?post=92"}],"version-history":[{"count":10,"href":"https:\/\/fbkoblenz.de\/tr\/wp-json\/wp\/v2\/pages\/92\/revisions"}],"predecessor-version":[{"id":267,"href":"https:\/\/fbkoblenz.de\/tr\/wp-json\/wp\/v2\/pages\/92\/revisions\/267"}],"wp:attachment":[{"href":"https:\/\/fbkoblenz.de\/tr\/wp-json\/wp\/v2\/media?parent=92"}],"curies":[{"name":"wp","href":"https:\/\/api.w.org\/{rel}","templated":true}]}}